{"id":1067,"date":"2020-04-18T03:40:33","date_gmt":"2020-04-18T03:40:33","guid":{"rendered":"https:\/\/soltecit.com\/?page_id=1067"},"modified":"2021-09-23T15:26:55","modified_gmt":"2021-09-23T20:26:55","slug":"politicas-cookies","status":"publish","type":"page","link":"https:\/\/soltecit.com\/en\/politicas-cookies\/","title":{"rendered":"Cookie Policies"},"content":{"rendered":"\t\t<div data-elementor-type=\"wp-page\" data-elementor-id=\"1067\" class=\"elementor elementor-1067\" data-elementor-post-type=\"page\">\n\t\t\t\t\t\t<section class=\"elementor-section elementor-top-section elementor-element elementor-element-3915e14 elementor-section-stretched elementor-section-full_width elementor-section-height-min-height elementor-section-height-default elementor-section-items-middle\" data-id=\"3915e14\" data-element_type=\"section\" data-e-type=\"section\" data-settings=\"{&quot;stretch_section&quot;:&quot;section-stretched&quot;,&quot;background_background&quot;:&quot;slideshow&quot;,&quot;background_slideshow_gallery&quot;:[{&quot;id&quot;:1388,&quot;url&quot;:&quot;https:\\\/\\\/soltecit.com\\\/wp-content\\\/uploads\\\/2020\\\/07\\\/cabecera3-scaled.jpg&quot;},{&quot;id&quot;:1387,&quot;url&quot;:&quot;https:\\\/\\\/soltecit.com\\\/wp-content\\\/uploads\\\/2020\\\/07\\\/cabecera2.jpg&quot;},{&quot;id&quot;:1386,&quot;url&quot;:&quot;https:\\\/\\\/soltecit.com\\\/wp-content\\\/uploads\\\/2020\\\/07\\\/cabecera1.jpg&quot;}],&quot;background_slideshow_loop&quot;:&quot;yes&quot;,&quot;background_slideshow_slide_duration&quot;:5000,&quot;background_slideshow_slide_transition&quot;:&quot;fade&quot;,&quot;background_slideshow_transition_duration&quot;:500}\">\n\t\t\t\t\t\t\t<div class=\"elementor-background-overlay\"><\/div>\n\t\t\t\t\t\t\t<div class=\"elementor-container elementor-column-gap-no\">\n\t\t\t\t\t<div class=\"elementor-column elementor-col-100 elementor-top-column elementor-element elementor-element-67ce796\" data-id=\"67ce796\" data-element_type=\"column\" data-e-type=\"column\">\n\t\t\t<div class=\"elementor-widget-wrap\">\n\t\t\t\t\t\t\t<\/div>\n\t\t<\/div>\n\t\t\t\t\t<\/div>\n\t\t<\/section>\n\t\t\t\t<section class=\"elementor-section elementor-top-section elementor-element elementor-element-85bb129 elementor-section-height-min-height elementor-section-boxed elementor-section-height-default elementor-section-items-middle\" data-id=\"85bb129\" data-element_type=\"section\" data-e-type=\"section\" data-settings=\"{&quot;background_background&quot;:&quot;classic&quot;}\">\n\t\t\t\t\t\t<div class=\"elementor-container elementor-column-gap-default\">\n\t\t\t\t\t<div class=\"elementor-column elementor-col-100 elementor-top-column elementor-element elementor-element-61d00e7\" data-id=\"61d00e7\" data-element_type=\"column\" data-e-type=\"column\" data-settings=\"{&quot;background_background&quot;:&quot;classic&quot;}\">\n\t\t\t<div class=\"elementor-widget-wrap elementor-element-populated\">\n\t\t\t\t\t\t<div class=\"elementor-element elementor-element-8d147c0 elementor-invisible elementor-widget elementor-widget-heading\" data-id=\"8d147c0\" data-element_type=\"widget\" data-e-type=\"widget\" data-settings=\"{&quot;_animation&quot;:&quot;fadeInUp&quot;}\" data-widget_type=\"heading.default\">\n\t\t\t\t<div class=\"elementor-widget-container\">\n\t\t\t\t\t<h2 class=\"elementor-heading-title elementor-size-default\">POL\u00cdTICAS DE COOKIES<\/h2>\t\t\t\t<\/div>\n\t\t\t\t<\/div>\n\t\t\t\t<div class=\"elementor-element elementor-element-2c2d5d4 elementor-widget-divider--view-line_icon elementor-view-default elementor-widget-divider--element-align-center elementor-widget elementor-widget-divider\" data-id=\"2c2d5d4\" data-element_type=\"widget\" data-e-type=\"widget\" data-widget_type=\"divider.default\">\n\t\t\t\t<div class=\"elementor-widget-container\">\n\t\t\t\t\t\t\t<div class=\"elementor-divider\">\n\t\t\t<span class=\"elementor-divider-separator\">\n\t\t\t\t\t\t\t<div class=\"elementor-icon elementor-divider__element\">\n\t\t\t\t\t<i aria-hidden=\"true\" class=\"fas fa-cubes\"><\/i><\/div>\n\t\t\t\t\t\t<\/span>\n\t\t<\/div>\n\t\t\t\t\t\t<\/div>\n\t\t\t\t<\/div>\n\t\t\t\t\t<\/div>\n\t\t<\/div>\n\t\t\t\t\t<\/div>\n\t\t<\/section>\n\t\t\t\t<section class=\"elementor-section elementor-top-section elementor-element elementor-element-8326ec2 elementor-section-boxed elementor-section-height-default elementor-section-height-default\" data-id=\"8326ec2\" data-element_type=\"section\" data-e-type=\"section\">\n\t\t\t\t\t\t<div class=\"elementor-container elementor-column-gap-default\">\n\t\t\t\t\t<div class=\"elementor-column elementor-col-100 elementor-top-column elementor-element elementor-element-433ab92\" data-id=\"433ab92\" data-element_type=\"column\" data-e-type=\"column\">\n\t\t\t<div class=\"elementor-widget-wrap elementor-element-populated\">\n\t\t\t\t\t\t<div class=\"elementor-element elementor-element-d647af2 elementor-widget elementor-widget-text-editor\" data-id=\"d647af2\" data-element_type=\"widget\" data-e-type=\"widget\" data-widget_type=\"text-editor.default\">\n\t\t\t\t<div class=\"elementor-widget-container\">\n\t\t\t\t\t\t\t\t\t<p><\/p>\n<p>La presente pol\u00edtica tiene por finalidad informarte de manera clara y precisa sobre las cookies que se utilizan en la p\u00e1gina web de <b>SOLTEC-IT<\/b>.<\/p>\n<p>\u00a0<\/p>\n<h4><strong>\u00bf<\/strong><strong>Qu<\/strong><strong>\u00e9<\/strong><strong> son las cookies?<\/strong><\/h4>\n<p>Una cookie es un peque\u00f1o fragmento de texto que los sitios web que visitas env\u00edan al navegador y que permite que el sitio web recuerde informaci\u00f3n sobre tu visita, como su idioma preferido y otras opciones, con el fin de facilitar tu pr\u00f3xima visita y hacer que el sitio te resulte m\u00e1s \u00fatil. Las cookies desempe\u00f1an un papel muy importante y contribuyen a tener una mejor experiencia de navegaci\u00f3n para el usuario.<\/p>\n<p>\u00a0<\/p>\n<h4><strong>Tipos de cookies<\/strong><\/h4>\n<p>Seg\u00fan qui\u00e9n sea la entidad que gestione el dominio desde d\u00f3nde se env\u00edan las cookies y se traten los datos que se obtengan, se pueden distinguir dos tipos: cookies propias y cookies de terceros.<\/p>\n<p>\u00a0<\/p>\n<p>Existe tambi\u00e9n una segunda clasificaci\u00f3n seg\u00fan el plazo de tiempo que permanecen almacenadas en el navegador del cliente, pudiendo tratarse de cookies de sesi\u00f3n o cookies persistentes.<\/p>\n<p>\u00a0<\/p>\n<p>Por \u00faltimo, existe otra clasificaci\u00f3n con cinco tipos de cookies seg\u00fan la finalidad para la que se traten los datos obtenidos: cookies t\u00e9cnicas, cookies de personalizaci\u00f3n, cookies de an\u00e1lisis, cookies publicitarias y cookies de publicidad comportamental.<\/p>\n<p>\u00a0<\/p>\n<p>Para m\u00e1s informaci\u00f3n a este respecto puede consultar la <a href=\"https:\/\/www.aepd.es\/sites\/default\/files\/2019-12\/guia-cookies_1.pdf\" target=\"_blank\" rel=\"noopener\">Gu\u00eda sobre el uso de las cookies<\/a> de la Agencia Espa\u00f1ola de Protecci\u00f3n de Datos.<\/p>\n<p><strong>\u00a0<\/strong><\/p>\n<h4><strong>Cookies utilizadas en la web<\/strong><\/h4>\n<p>A continuaci\u00f3n se identifican las cookies que est\u00e1n siendo utilizadas en este portal as\u00ed como su tipolog\u00eda y funci\u00f3n:<\/p>\n<p>\u00a0<\/p>\n<p>La p\u00e1gina web de <b>SOLTEC-IT<\/b> utiliza Google Analytics, un servicio de anal\u00edtica web desarrollada por Google, que permite la medici\u00f3n y an\u00e1lisis de la navegaci\u00f3n en las p\u00e1ginas web. En su navegador podr\u00e1 observar cookies de este servicio. Seg\u00fan la tipolog\u00eda anterior se trata de cookies propias, de sesi\u00f3n y de an\u00e1lisis.<\/p>\n<p>\u00a0<\/p>\n<p>A trav\u00e9s de la anal\u00edtica web se obtiene informaci\u00f3n relativa al n\u00famero de usuarios que acceden a la web, el n\u00famero de p\u00e1ginas vistas, la frecuencia y repetici\u00f3n de las visitas, su duraci\u00f3n, el navegador utilizado, el operador que presta el servicio, el idioma, el terminal que utiliza y la ciudad a la que est\u00e1 asignada tu direcci\u00f3n IP. Informaci\u00f3n que posibilita un mejor y m\u00e1s apropiado servicio por parte de este portal.<\/p>\n<p>\u00a0<\/p>\n<p>Para garantizar el anonimato, Google convertir\u00e1 tu informaci\u00f3n en an\u00f3nima truncando la direcci\u00f3n IP antes de almacenarla, de forma que Google Analytics no se usa para localizar o recabar informaci\u00f3n personal identificable de los visitantes del sitio. Google solo podr\u00e1 enviar la informaci\u00f3n recabada por Google Analytics a terceros cuanto est\u00e9 legalmente obligado a ello. Con arreglo a las condiciones de prestaci\u00f3n del servicio de Google Analytics, Google no asociar\u00e1 tu direcci\u00f3n IP a ning\u00fan otro dato conservado por Google.<\/p>\n<p>\u00a0<\/p>\n<p>Otra de las cookies que se descargan es una cookie de tipo t\u00e9cnico denominada JSESSIONID. Esta cookie permite almacenar un identificador \u00fanico por sesi\u00f3n a trav\u00e9s del que es posible vincular datos necesarios para posibilitar la navegaci\u00f3n en curso.<\/p>\n<p>\u00a0<\/p>\n<p>Por \u00faltimo, se descarga una cookie denominada show_cookies, propia, de tipo t\u00e9cnico y de sesi\u00f3n. Gestiona el consentimiento del usuario para el uso de las cookies en la p\u00e1gina web, con el objeto de recordar aquellos usuarios que las han aceptado y aquellos que no, de modo que a los primeros no se les muestre informaci\u00f3n en la parte superior de la p\u00e1gina al respecto.<\/p>\n<p><strong>\u00a0<\/strong><\/p>\n<h4><strong>Aceptaci<\/strong><strong>\u00f3<\/strong><strong>n de la pol<\/strong><strong>\u00ed<\/strong><strong>tica de cookies<\/strong><\/h4>\n<p>Pulsando el bot\u00f3n Entendido se asume que usted acepta el uso de cookies.<\/p>\n<p><strong>\u00a0<\/strong><\/p>\n<h4><strong>C<\/strong><strong>\u00f3<\/strong><strong>mo modificar la configuraci<\/strong><strong>\u00f3<\/strong><strong>n de las cookies<\/strong><\/h4>\n<p>Usted puede restringir, bloquear o borrar las cookies del Ministerio del Interior o cualquier otra p\u00e1gina web utilizando su navegador. En cada navegador la operativa es diferente, la funci\u00f3n de \u00abAyuda\u00bb le mostrar\u00e1 c\u00f3mo hacerlo.<\/p>\n<p><\/p>\n<p><\/p>\n<p><\/p>\t\t\t\t\t\t\t\t<\/div>\n\t\t\t\t<\/div>\n\t\t\t\t\t<\/div>\n\t\t<\/div>\n\t\t\t\t\t<\/div>\n\t\t<\/section>\n\t\t\t\t<section class=\"elementor-section elementor-top-section elementor-element elementor-element-8e496c4 elementor-section-boxed elementor-section-height-default elementor-section-height-default\" data-id=\"8e496c4\" data-element_type=\"section\" data-e-type=\"section\">\n\t\t\t\t\t\t<div class=\"elementor-container elementor-column-gap-default\">\n\t\t\t\t\t<div class=\"elementor-column elementor-col-100 elementor-top-column elementor-element elementor-element-6cecd8e\" data-id=\"6cecd8e\" data-element_type=\"column\" data-e-type=\"column\">\n\t\t\t<div class=\"elementor-widget-wrap elementor-element-populated\">\n\t\t\t\t\t\t<div class=\"elementor-element elementor-element-0e3b042 elementor-widget elementor-widget-spacer\" data-id=\"0e3b042\" data-element_type=\"widget\" data-e-type=\"widget\" data-widget_type=\"spacer.default\">\n\t\t\t\t<div class=\"elementor-widget-container\">\n\t\t\t\t\t\t\t<div class=\"elementor-spacer\">\n\t\t\t<div class=\"elementor-spacer-inner\"><\/div>\n\t\t<\/div>\n\t\t\t\t\t\t<\/div>\n\t\t\t\t<\/div>\n\t\t\t\t\t<\/div>\n\t\t<\/div>\n\t\t\t\t\t<\/div>\n\t\t<\/section>\n\t\t\t\t<\/div>\n\t\t","protected":false},"excerpt":{"rendered":"<p>POL\u00cdTICAS DE COOKIES La presente pol\u00edtica tiene por finalidad informarte de manera clara y precisa sobre las cookies que se utilizan en [&hellip;]<\/p>\n","protected":false},"author":1,"featured_media":0,"parent":0,"menu_order":0,"comment_status":"closed","ping_status":"closed","template":"elementor_header_footer","meta":{"footnotes":""},"class_list":["post-1067","page","type-page","status-publish","hentry"],"yoast_head":"<!-- This site is optimized with the Yoast SEO plugin v27.4 - https:\/\/yoast.com\/product\/yoast-seo-wordpress\/ -->\n<title>Pol\u00edticas de Cookies - SOLTEC-IT<\/title>\n<meta name=\"robots\" content=\"index, follow, max-snippet:-1, max-image-preview:large, max-video-preview:-1\" \/>\n<link rel=\"canonical\" href=\"https:\/\/soltecit.com\/en\/politicas-cookies\/\" \/>\n<meta property=\"og:locale\" content=\"en_US\" \/>\n<meta property=\"og:type\" content=\"article\" \/>\n<meta property=\"og:title\" content=\"Pol\u00edticas de Cookies - SOLTEC-IT\" \/>\n<meta property=\"og:description\" content=\"POL\u00cdTICAS DE COOKIES La presente pol\u00edtica tiene por finalidad informarte de manera clara y precisa sobre las cookies que se utilizan en [&hellip;]\" \/>\n<meta property=\"og:url\" content=\"https:\/\/soltecit.com\/en\/politicas-cookies\/\" \/>\n<meta property=\"og:site_name\" content=\"SOLTEC-IT\" \/>\n<meta property=\"article:modified_time\" content=\"2021-09-23T20:26:55+00:00\" \/>\n<meta name=\"twitter:card\" content=\"summary_large_image\" \/>\n<meta name=\"twitter:label1\" content=\"Est. reading time\" \/>\n\t<meta name=\"twitter:data1\" content=\"3 minutes\" \/>\n<script type=\"application\/ld+json\" class=\"yoast-schema-graph\">{\"@context\":\"https:\\\/\\\/schema.org\",\"@graph\":[{\"@type\":\"WebPage\",\"@id\":\"https:\\\/\\\/soltecit.com\\\/politicas-cookies\\\/\",\"url\":\"https:\\\/\\\/soltecit.com\\\/politicas-cookies\\\/\",\"name\":\"Pol\u00edticas de Cookies - SOLTEC-IT\",\"isPartOf\":{\"@id\":\"https:\\\/\\\/soltecit.com\\\/#website\"},\"datePublished\":\"2020-04-18T03:40:33+00:00\",\"dateModified\":\"2021-09-23T20:26:55+00:00\",\"breadcrumb\":{\"@id\":\"https:\\\/\\\/soltecit.com\\\/politicas-cookies\\\/#breadcrumb\"},\"inLanguage\":\"en-US\",\"potentialAction\":[{\"@type\":\"ReadAction\",\"target\":[\"https:\\\/\\\/soltecit.com\\\/politicas-cookies\\\/\"]}]},{\"@type\":\"BreadcrumbList\",\"@id\":\"https:\\\/\\\/soltecit.com\\\/politicas-cookies\\\/#breadcrumb\",\"itemListElement\":[{\"@type\":\"ListItem\",\"position\":1,\"name\":\"Portada\",\"item\":\"https:\\\/\\\/soltecit.com\\\/\"},{\"@type\":\"ListItem\",\"position\":2,\"name\":\"Pol\u00edticas de Cookies\"}]},{\"@type\":\"WebSite\",\"@id\":\"https:\\\/\\\/soltecit.com\\\/#website\",\"url\":\"https:\\\/\\\/soltecit.com\\\/\",\"name\":\"SOLTEC-IT\",\"description\":\"Soluciones Tecnol\u00f3gicas S.A.S.\",\"publisher\":{\"@id\":\"https:\\\/\\\/soltecit.com\\\/#organization\"},\"potentialAction\":[{\"@type\":\"SearchAction\",\"target\":{\"@type\":\"EntryPoint\",\"urlTemplate\":\"https:\\\/\\\/soltecit.com\\\/?s={search_term_string}\"},\"query-input\":{\"@type\":\"PropertyValueSpecification\",\"valueRequired\":true,\"valueName\":\"search_term_string\"}}],\"inLanguage\":\"en-US\"},{\"@type\":\"Organization\",\"@id\":\"https:\\\/\\\/soltecit.com\\\/#organization\",\"name\":\"SOLTEC-IT\",\"url\":\"https:\\\/\\\/soltecit.com\\\/\",\"logo\":{\"@type\":\"ImageObject\",\"inLanguage\":\"en-US\",\"@id\":\"https:\\\/\\\/soltecit.com\\\/#\\\/schema\\\/logo\\\/image\\\/\",\"url\":\"https:\\\/\\\/soltecit.com\\\/wp-content\\\/uploads\\\/2020\\\/03\\\/cropped-Soltec-IT-2.png\",\"contentUrl\":\"https:\\\/\\\/soltecit.com\\\/wp-content\\\/uploads\\\/2020\\\/03\\\/cropped-Soltec-IT-2.png\",\"width\":1091,\"height\":250,\"caption\":\"SOLTEC-IT\"},\"image\":{\"@id\":\"https:\\\/\\\/soltecit.com\\\/#\\\/schema\\\/logo\\\/image\\\/\"}}]}<\/script>\n<!-- \/ Yoast SEO plugin. -->","yoast_head_json":{"title":"Pol\u00edticas de Cookies - SOLTEC-IT","robots":{"index":"index","follow":"follow","max-snippet":"max-snippet:-1","max-image-preview":"max-image-preview:large","max-video-preview":"max-video-preview:-1"},"canonical":"https:\/\/soltecit.com\/en\/politicas-cookies\/","og_locale":"en_US","og_type":"article","og_title":"Pol\u00edticas de Cookies - SOLTEC-IT","og_description":"POL\u00cdTICAS DE COOKIES La presente pol\u00edtica tiene por finalidad informarte de manera clara y precisa sobre las cookies que se utilizan en [&hellip;]","og_url":"https:\/\/soltecit.com\/en\/politicas-cookies\/","og_site_name":"SOLTEC-IT","article_modified_time":"2021-09-23T20:26:55+00:00","twitter_card":"summary_large_image","twitter_misc":{"Est. reading time":"3 minutes"},"schema":{"@context":"https:\/\/schema.org","@graph":[{"@type":"WebPage","@id":"https:\/\/soltecit.com\/politicas-cookies\/","url":"https:\/\/soltecit.com\/politicas-cookies\/","name":"Pol\u00edticas de Cookies - SOLTEC-IT","isPartOf":{"@id":"https:\/\/soltecit.com\/#website"},"datePublished":"2020-04-18T03:40:33+00:00","dateModified":"2021-09-23T20:26:55+00:00","breadcrumb":{"@id":"https:\/\/soltecit.com\/politicas-cookies\/#breadcrumb"},"inLanguage":"en-US","potentialAction":[{"@type":"ReadAction","target":["https:\/\/soltecit.com\/politicas-cookies\/"]}]},{"@type":"BreadcrumbList","@id":"https:\/\/soltecit.com\/politicas-cookies\/#breadcrumb","itemListElement":[{"@type":"ListItem","position":1,"name":"Portada","item":"https:\/\/soltecit.com\/"},{"@type":"ListItem","position":2,"name":"Pol\u00edticas de Cookies"}]},{"@type":"WebSite","@id":"https:\/\/soltecit.com\/#website","url":"https:\/\/soltecit.com\/","name":"SOLTEC-IT","description":"Soluciones Tecnol\u00f3gicas S.A.S.","publisher":{"@id":"https:\/\/soltecit.com\/#organization"},"potentialAction":[{"@type":"SearchAction","target":{"@type":"EntryPoint","urlTemplate":"https:\/\/soltecit.com\/?s={search_term_string}"},"query-input":{"@type":"PropertyValueSpecification","valueRequired":true,"valueName":"search_term_string"}}],"inLanguage":"en-US"},{"@type":"Organization","@id":"https:\/\/soltecit.com\/#organization","name":"SOLTEC-IT","url":"https:\/\/soltecit.com\/","logo":{"@type":"ImageObject","inLanguage":"en-US","@id":"https:\/\/soltecit.com\/#\/schema\/logo\/image\/","url":"https:\/\/soltecit.com\/wp-content\/uploads\/2020\/03\/cropped-Soltec-IT-2.png","contentUrl":"https:\/\/soltecit.com\/wp-content\/uploads\/2020\/03\/cropped-Soltec-IT-2.png","width":1091,"height":250,"caption":"SOLTEC-IT"},"image":{"@id":"https:\/\/soltecit.com\/#\/schema\/logo\/image\/"}}]}},"_links":{"self":[{"href":"https:\/\/soltecit.com\/en\/wp-json\/wp\/v2\/pages\/1067","targetHints":{"allow":["GET"]}}],"collection":[{"href":"https:\/\/soltecit.com\/en\/wp-json\/wp\/v2\/pages"}],"about":[{"href":"https:\/\/soltecit.com\/en\/wp-json\/wp\/v2\/types\/page"}],"author":[{"embeddable":true,"href":"https:\/\/soltecit.com\/en\/wp-json\/wp\/v2\/users\/1"}],"replies":[{"embeddable":true,"href":"https:\/\/soltecit.com\/en\/wp-json\/wp\/v2\/comments?post=1067"}],"version-history":[{"count":13,"href":"https:\/\/soltecit.com\/en\/wp-json\/wp\/v2\/pages\/1067\/revisions"}],"predecessor-version":[{"id":1476,"href":"https:\/\/soltecit.com\/en\/wp-json\/wp\/v2\/pages\/1067\/revisions\/1476"}],"wp:attachment":[{"href":"https:\/\/soltecit.com\/en\/wp-json\/wp\/v2\/media?parent=1067"}],"curies":[{"name":"wp","href":"https:\/\/api.w.org\/{rel}","templated":true}]}}