{"id":27,"date":"2020-03-26T04:38:54","date_gmt":"2020-03-26T04:38:54","guid":{"rendered":"https:\/\/soltecit.com\/?page_id=27"},"modified":"2021-09-23T15:28:51","modified_gmt":"2021-09-23T20:28:51","slug":"proteccion-datos","status":"publish","type":"page","link":"https:\/\/soltecit.com\/en\/proteccion-datos\/","title":{"rendered":"Data Protection"},"content":{"rendered":"\t\t<div data-elementor-type=\"wp-page\" data-elementor-id=\"27\" class=\"elementor elementor-27\" data-elementor-post-type=\"page\">\n\t\t\t\t\t\t<section class=\"elementor-section elementor-top-section elementor-element elementor-element-cb1ac63 elementor-section-stretched elementor-section-full_width elementor-section-height-min-height elementor-section-height-default elementor-section-items-middle\" data-id=\"cb1ac63\" data-element_type=\"section\" data-e-type=\"section\" data-settings=\"{&quot;stretch_section&quot;:&quot;section-stretched&quot;,&quot;background_background&quot;:&quot;slideshow&quot;,&quot;background_slideshow_gallery&quot;:[{&quot;id&quot;:1388,&quot;url&quot;:&quot;https:\\\/\\\/soltecit.com\\\/wp-content\\\/uploads\\\/2020\\\/07\\\/cabecera3-scaled.jpg&quot;},{&quot;id&quot;:1387,&quot;url&quot;:&quot;https:\\\/\\\/soltecit.com\\\/wp-content\\\/uploads\\\/2020\\\/07\\\/cabecera2.jpg&quot;},{&quot;id&quot;:1386,&quot;url&quot;:&quot;https:\\\/\\\/soltecit.com\\\/wp-content\\\/uploads\\\/2020\\\/07\\\/cabecera1.jpg&quot;}],&quot;background_slideshow_loop&quot;:&quot;yes&quot;,&quot;background_slideshow_slide_duration&quot;:5000,&quot;background_slideshow_slide_transition&quot;:&quot;fade&quot;,&quot;background_slideshow_transition_duration&quot;:500}\">\n\t\t\t\t\t\t\t<div class=\"elementor-background-overlay\"><\/div>\n\t\t\t\t\t\t\t<div class=\"elementor-container elementor-column-gap-no\">\n\t\t\t\t\t<div class=\"elementor-column elementor-col-100 elementor-top-column elementor-element elementor-element-5ab4f9c\" data-id=\"5ab4f9c\" data-element_type=\"column\" data-e-type=\"column\">\n\t\t\t<div class=\"elementor-widget-wrap\">\n\t\t\t\t\t\t\t<\/div>\n\t\t<\/div>\n\t\t\t\t\t<\/div>\n\t\t<\/section>\n\t\t\t\t<section class=\"elementor-section elementor-top-section elementor-element elementor-element-c197f69 elementor-section-height-min-height elementor-section-boxed elementor-section-height-default elementor-section-items-middle\" data-id=\"c197f69\" data-element_type=\"section\" data-e-type=\"section\" data-settings=\"{&quot;background_background&quot;:&quot;classic&quot;}\">\n\t\t\t\t\t\t<div class=\"elementor-container elementor-column-gap-default\">\n\t\t\t\t\t<div class=\"elementor-column elementor-col-100 elementor-top-column elementor-element elementor-element-3d57904\" data-id=\"3d57904\" data-element_type=\"column\" data-e-type=\"column\" data-settings=\"{&quot;background_background&quot;:&quot;classic&quot;}\">\n\t\t\t<div class=\"elementor-widget-wrap elementor-element-populated\">\n\t\t\t\t\t\t<div class=\"elementor-element elementor-element-b1ffb43 elementor-invisible elementor-widget elementor-widget-heading\" data-id=\"b1ffb43\" data-element_type=\"widget\" data-e-type=\"widget\" data-settings=\"{&quot;_animation&quot;:&quot;fadeInUp&quot;}\" data-widget_type=\"heading.default\">\n\t\t\t\t<div class=\"elementor-widget-container\">\n\t\t\t\t\t<h2 class=\"elementor-heading-title elementor-size-default\">POL\u00cdTICAS DE TRATAMIENTO DE DATOS<\/h2>\t\t\t\t<\/div>\n\t\t\t\t<\/div>\n\t\t\t\t<div class=\"elementor-element elementor-element-8f26865 elementor-widget-divider--view-line_icon elementor-view-default elementor-widget-divider--element-align-center elementor-widget elementor-widget-divider\" data-id=\"8f26865\" data-element_type=\"widget\" data-e-type=\"widget\" data-widget_type=\"divider.default\">\n\t\t\t\t<div class=\"elementor-widget-container\">\n\t\t\t\t\t\t\t<div class=\"elementor-divider\">\n\t\t\t<span class=\"elementor-divider-separator\">\n\t\t\t\t\t\t\t<div class=\"elementor-icon elementor-divider__element\">\n\t\t\t\t\t<i aria-hidden=\"true\" class=\"fas fa-user-lock\"><\/i><\/div>\n\t\t\t\t\t\t<\/span>\n\t\t<\/div>\n\t\t\t\t\t\t<\/div>\n\t\t\t\t<\/div>\n\t\t\t\t<div class=\"elementor-element elementor-element-fef56a7 elementor-widget elementor-widget-text-editor\" data-id=\"fef56a7\" data-element_type=\"widget\" data-e-type=\"widget\" data-widget_type=\"text-editor.default\">\n\t\t\t\t<div class=\"elementor-widget-container\">\n\t\t\t\t\t\t\t\t\t<h5 class=\"elementor-heading-title elementor-size-default elementor-inline-editing pen\" style=\"text-align: center;\" contenteditable=\"true\" data-elementor-setting-key=\"title\" data-pen-placeholder=\"Teclea aqu\u00ed...\">DE SOLTEC-IT SOLUCIONES TECNOL\u00d3GICAS S.A.S\u00a0PARA CLIENTES, EMPLEADOS Y PROVEEDORES<\/h5>\t\t\t\t\t\t\t\t<\/div>\n\t\t\t\t<\/div>\n\t\t\t\t\t<\/div>\n\t\t<\/div>\n\t\t\t\t\t<\/div>\n\t\t<\/section>\n\t\t\t\t<section class=\"elementor-section elementor-top-section elementor-element elementor-element-454124f elementor-section-boxed elementor-section-height-default elementor-section-height-default\" data-id=\"454124f\" data-element_type=\"section\" data-e-type=\"section\">\n\t\t\t\t\t\t<div class=\"elementor-container elementor-column-gap-default\">\n\t\t\t\t\t<div class=\"elementor-column elementor-col-100 elementor-top-column elementor-element elementor-element-16fd4b5\" data-id=\"16fd4b5\" data-element_type=\"column\" data-e-type=\"column\">\n\t\t\t<div class=\"elementor-widget-wrap elementor-element-populated\">\n\t\t\t\t\t\t<div class=\"elementor-element elementor-element-4e1b478 elementor-widget elementor-widget-image\" data-id=\"4e1b478\" data-element_type=\"widget\" data-e-type=\"widget\" data-widget_type=\"image.default\">\n\t\t\t\t<div class=\"elementor-widget-container\">\n\t\t\t\t\t\t\t\t\t\t\t\t\t\t\t<img fetchpriority=\"high\" decoding=\"async\" width=\"768\" height=\"204\" src=\"https:\/\/soltecit.com\/wp-content\/uploads\/2020\/03\/habeas-768x204.jpg\" class=\"attachment-medium_large size-medium_large wp-image-68\" alt=\"habeas\" srcset=\"https:\/\/soltecit.com\/wp-content\/uploads\/2020\/03\/habeas-768x204.jpg 768w, https:\/\/soltecit.com\/wp-content\/uploads\/2020\/03\/habeas-600x160.jpg 600w, https:\/\/soltecit.com\/wp-content\/uploads\/2020\/03\/habeas-300x80.jpg 300w, https:\/\/soltecit.com\/wp-content\/uploads\/2020\/03\/habeas.jpg 910w\" sizes=\"(max-width: 768px) 100vw, 768px\" \/>\t\t\t\t\t\t\t\t\t\t\t\t\t\t\t<\/div>\n\t\t\t\t<\/div>\n\t\t\t\t\t<\/div>\n\t\t<\/div>\n\t\t\t\t\t<\/div>\n\t\t<\/section>\n\t\t\t\t<section class=\"elementor-section elementor-top-section elementor-element elementor-element-659663b1 elementor-section-stretched elementor-section-boxed elementor-section-height-default elementor-section-height-default\" data-id=\"659663b1\" data-element_type=\"section\" data-e-type=\"section\" data-settings=\"{&quot;stretch_section&quot;:&quot;section-stretched&quot;}\">\n\t\t\t\t\t\t<div class=\"elementor-container elementor-column-gap-default\">\n\t\t\t\t\t<div class=\"elementor-column elementor-col-100 elementor-top-column elementor-element elementor-element-4a6bfc77\" data-id=\"4a6bfc77\" data-element_type=\"column\" data-e-type=\"column\">\n\t\t\t<div class=\"elementor-widget-wrap elementor-element-populated\">\n\t\t\t\t\t\t<div class=\"elementor-element elementor-element-d3087ef elementor-widget elementor-widget-text-editor\" data-id=\"d3087ef\" data-element_type=\"widget\" data-e-type=\"widget\" data-widget_type=\"text-editor.default\">\n\t\t\t\t<div class=\"elementor-widget-container\">\n\t\t\t\t\t\t\t\t\t<p><\/p>\n<p><\/p>\n<p><\/p>\t\t\t\t\t\t\t\t<\/div>\n\t\t\t\t<\/div>\n\t\t\t\t\t<\/div>\n\t\t<\/div>\n\t\t\t\t\t<\/div>\n\t\t<\/section>\n\t\t\t\t<section class=\"elementor-section elementor-top-section elementor-element elementor-element-26af4a2 elementor-section-boxed elementor-section-height-default elementor-section-height-default\" data-id=\"26af4a2\" data-element_type=\"section\" data-e-type=\"section\">\n\t\t\t\t\t\t<div class=\"elementor-container elementor-column-gap-default\">\n\t\t\t\t\t<div class=\"elementor-column elementor-col-100 elementor-top-column elementor-element elementor-element-58e1a6a\" data-id=\"58e1a6a\" data-element_type=\"column\" data-e-type=\"column\">\n\t\t\t<div class=\"elementor-widget-wrap elementor-element-populated\">\n\t\t\t\t\t\t<div class=\"elementor-element elementor-element-70afc52 elementor-widget elementor-widget-spacer\" data-id=\"70afc52\" data-element_type=\"widget\" data-e-type=\"widget\" data-widget_type=\"spacer.default\">\n\t\t\t\t<div class=\"elementor-widget-container\">\n\t\t\t\t\t\t\t<div class=\"elementor-spacer\">\n\t\t\t<div class=\"elementor-spacer-inner\"><\/div>\n\t\t<\/div>\n\t\t\t\t\t\t<\/div>\n\t\t\t\t<\/div>\n\t\t\t\t\t<\/div>\n\t\t<\/div>\n\t\t\t\t\t<\/div>\n\t\t<\/section>\n\t\t\t\t<section class=\"elementor-section elementor-top-section elementor-element elementor-element-05a6c96 elementor-section-stretched elementor-section-boxed elementor-section-height-default elementor-section-height-default\" data-id=\"05a6c96\" data-element_type=\"section\" data-e-type=\"section\" data-settings=\"{&quot;stretch_section&quot;:&quot;section-stretched&quot;}\">\n\t\t\t\t\t\t<div class=\"elementor-container elementor-column-gap-default\">\n\t\t\t\t\t<div class=\"elementor-column elementor-col-100 elementor-top-column elementor-element elementor-element-e1b8fc9\" data-id=\"e1b8fc9\" data-element_type=\"column\" data-e-type=\"column\">\n\t\t\t<div class=\"elementor-widget-wrap elementor-element-populated\">\n\t\t\t\t\t\t<div class=\"elementor-element elementor-element-c357397 elementor-invisible elementor-widget elementor-widget-heading\" data-id=\"c357397\" data-element_type=\"widget\" data-e-type=\"widget\" data-settings=\"{&quot;_animation&quot;:&quot;fadeInUp&quot;}\" data-widget_type=\"heading.default\">\n\t\t\t\t<div class=\"elementor-widget-container\">\n\t\t\t\t\t<h2 class=\"elementor-heading-title elementor-size-default\">AVISO LEGAL<\/h2>\t\t\t\t<\/div>\n\t\t\t\t<\/div>\n\t\t\t\t<div class=\"elementor-element elementor-element-91dc2db elementor-widget-divider--view-line_icon elementor-view-default elementor-widget-divider--element-align-center elementor-widget elementor-widget-divider\" data-id=\"91dc2db\" data-element_type=\"widget\" data-e-type=\"widget\" data-widget_type=\"divider.default\">\n\t\t\t\t<div class=\"elementor-widget-container\">\n\t\t\t\t\t\t\t<div class=\"elementor-divider\">\n\t\t\t<span class=\"elementor-divider-separator\">\n\t\t\t\t\t\t\t<div class=\"elementor-icon elementor-divider__element\">\n\t\t\t\t\t<i aria-hidden=\"true\" class=\"fas fa-balance-scale\"><\/i><\/div>\n\t\t\t\t\t\t<\/span>\n\t\t<\/div>\n\t\t\t\t\t\t<\/div>\n\t\t\t\t<\/div>\n\t\t\t\t\t<\/div>\n\t\t<\/div>\n\t\t\t\t\t<\/div>\n\t\t<\/section>\n\t\t\t\t<section class=\"elementor-section elementor-top-section elementor-element elementor-element-e1253bf elementor-section-boxed elementor-section-height-default elementor-section-height-default\" data-id=\"e1253bf\" data-element_type=\"section\" data-e-type=\"section\">\n\t\t\t\t\t\t<div class=\"elementor-container elementor-column-gap-default\">\n\t\t\t\t\t<div class=\"elementor-column elementor-col-100 elementor-top-column elementor-element elementor-element-ba8b463\" data-id=\"ba8b463\" data-element_type=\"column\" data-e-type=\"column\">\n\t\t\t<div class=\"elementor-widget-wrap elementor-element-populated\">\n\t\t\t\t\t\t<div class=\"elementor-element elementor-element-970d5ba elementor-widget elementor-widget-text-editor\" data-id=\"970d5ba\" data-element_type=\"widget\" data-e-type=\"widget\" data-widget_type=\"text-editor.default\">\n\t\t\t\t<div class=\"elementor-widget-container\">\n\t\t\t\t\t\t\t\t\t<p>La informaci\u00f3n que se muestran a continuaci\u00f3n contiene la pol\u00edtica de privacidad y las condiciones generales de nuestros productos y servicios. Por lo cual recomendamos leerla detenidamente.<\/p>\n<p style=\"text-align: left;\">\u00a0<\/p>\n<p>La empresa advierte de que los materiales contenidos en esta p\u00e1gina Web han sido incluidos de manera informativa, por lo que resultan insuficientes para tomar decisiones o asumir posiciones en un caso concreto, no constituyen asesoramiento o servicio profesional por parte de la empresa sobre ning\u00fan asunto en particular.<\/p>\n<p>\u00a0<\/p>\n<p>La empresa no asume ninguna responsabilidad por los da\u00f1os y perjuicios resultantes o que tengan conexi\u00f3n con el empleo de dicha informaci\u00f3n.<\/p>\t\t\t\t\t\t\t\t<\/div>\n\t\t\t\t<\/div>\n\t\t\t\t\t<\/div>\n\t\t<\/div>\n\t\t\t\t\t<\/div>\n\t\t<\/section>\n\t\t\t\t<section class=\"elementor-section elementor-top-section elementor-element elementor-element-e50560f elementor-section-boxed elementor-section-height-default elementor-section-height-default\" data-id=\"e50560f\" data-element_type=\"section\" data-e-type=\"section\">\n\t\t\t\t\t\t<div class=\"elementor-container elementor-column-gap-default\">\n\t\t\t\t\t<div class=\"elementor-column elementor-col-100 elementor-top-column elementor-element elementor-element-1ead036\" data-id=\"1ead036\" data-element_type=\"column\" data-e-type=\"column\">\n\t\t\t<div class=\"elementor-widget-wrap elementor-element-populated\">\n\t\t\t\t\t\t<div class=\"elementor-element elementor-element-d620651 elementor-widget elementor-widget-spacer\" data-id=\"d620651\" data-element_type=\"widget\" data-e-type=\"widget\" data-widget_type=\"spacer.default\">\n\t\t\t\t<div class=\"elementor-widget-container\">\n\t\t\t\t\t\t\t<div class=\"elementor-spacer\">\n\t\t\t<div class=\"elementor-spacer-inner\"><\/div>\n\t\t<\/div>\n\t\t\t\t\t\t<\/div>\n\t\t\t\t<\/div>\n\t\t\t\t\t<\/div>\n\t\t<\/div>\n\t\t\t\t\t<\/div>\n\t\t<\/section>\n\t\t\t\t<section class=\"elementor-section elementor-top-section elementor-element elementor-element-8772786 elementor-section-boxed elementor-section-height-default elementor-section-height-default\" data-id=\"8772786\" data-element_type=\"section\" data-e-type=\"section\">\n\t\t\t\t\t\t<div class=\"elementor-container elementor-column-gap-default\">\n\t\t\t\t\t<div class=\"elementor-column elementor-col-100 elementor-top-column elementor-element elementor-element-3cad282\" data-id=\"3cad282\" data-element_type=\"column\" data-e-type=\"column\">\n\t\t\t<div class=\"elementor-widget-wrap elementor-element-populated\">\n\t\t\t\t\t\t<div class=\"elementor-element elementor-element-0e7ec6a elementor-align-center elementor-mobile-align-center elementor-widget elementor-widget-button\" data-id=\"0e7ec6a\" data-element_type=\"widget\" data-e-type=\"widget\" data-widget_type=\"button.default\">\n\t\t\t\t<div class=\"elementor-widget-container\">\n\t\t\t\t\t\t\t\t\t<div class=\"elementor-button-wrapper\">\n\t\t\t\t\t<a class=\"elementor-button elementor-button-link elementor-size-sm elementor-animation-grow-rotate\" href=\"\/privacy-policy\">\n\t\t\t\t\t\t<span class=\"elementor-button-content-wrapper\">\n\t\t\t\t\t\t<span class=\"elementor-button-icon\">\n\t\t\t\t<i aria-hidden=\"true\" class=\"fas fa-shield-alt\"><\/i>\t\t\t<\/span>\n\t\t\t\t\t\t\t\t\t<span class=\"elementor-button-text\">ir a pol\u00edticas de privacidad<\/span>\n\t\t\t\t\t<\/span>\n\t\t\t\t\t<\/a>\n\t\t\t\t<\/div>\n\t\t\t\t\t\t\t\t<\/div>\n\t\t\t\t<\/div>\n\t\t\t\t\t<\/div>\n\t\t<\/div>\n\t\t\t\t\t<\/div>\n\t\t<\/section>\n\t\t\t\t<section class=\"elementor-section elementor-top-section elementor-element elementor-element-206ffff elementor-section-boxed elementor-section-height-default elementor-section-height-default\" data-id=\"206ffff\" data-element_type=\"section\" data-e-type=\"section\">\n\t\t\t\t\t\t<div class=\"elementor-container elementor-column-gap-default\">\n\t\t\t\t\t<div class=\"elementor-column elementor-col-100 elementor-top-column elementor-element elementor-element-6329eca\" data-id=\"6329eca\" data-element_type=\"column\" data-e-type=\"column\">\n\t\t\t<div class=\"elementor-widget-wrap elementor-element-populated\">\n\t\t\t\t\t\t<div class=\"elementor-element elementor-element-4fe57be elementor-widget elementor-widget-spacer\" data-id=\"4fe57be\" data-element_type=\"widget\" data-e-type=\"widget\" data-widget_type=\"spacer.default\">\n\t\t\t\t<div class=\"elementor-widget-container\">\n\t\t\t\t\t\t\t<div class=\"elementor-spacer\">\n\t\t\t<div class=\"elementor-spacer-inner\"><\/div>\n\t\t<\/div>\n\t\t\t\t\t\t<\/div>\n\t\t\t\t<\/div>\n\t\t\t\t\t<\/div>\n\t\t<\/div>\n\t\t\t\t\t<\/div>\n\t\t<\/section>\n\t\t\t\t<\/div>\n\t\t","protected":false},"excerpt":{"rendered":"<p>POL\u00cdTICAS DE TRATAMIENTO DE DATOS DE SOLTEC-IT SOLUCIONES TECNOL\u00d3GICAS S.A.S\u00a0PARA CLIENTES, EMPLEADOS Y PROVEEDORES AVISO LEGAL La informaci\u00f3n que se muestran a [&hellip;]<\/p>\n","protected":false},"author":1,"featured_media":0,"parent":0,"menu_order":0,"comment_status":"closed","ping_status":"closed","template":"elementor_header_footer","meta":{"footnotes":""},"class_list":["post-27","page","type-page","status-publish","hentry"],"yoast_head":"<!-- This site is optimized with the Yoast SEO plugin v27.4 - https:\/\/yoast.com\/product\/yoast-seo-wordpress\/ -->\n<title>Protecci\u00f3n de Datos - SOLTEC-IT<\/title>\n<meta name=\"robots\" content=\"index, follow, max-snippet:-1, max-image-preview:large, max-video-preview:-1\" \/>\n<link rel=\"canonical\" href=\"https:\/\/soltecit.com\/en\/proteccion-datos\/\" \/>\n<meta property=\"og:locale\" content=\"en_US\" \/>\n<meta property=\"og:type\" content=\"article\" \/>\n<meta property=\"og:title\" content=\"Protecci\u00f3n de Datos - SOLTEC-IT\" \/>\n<meta property=\"og:description\" content=\"POL\u00cdTICAS DE TRATAMIENTO DE DATOS DE SOLTEC-IT SOLUCIONES TECNOL\u00d3GICAS S.A.S\u00a0PARA CLIENTES, EMPLEADOS Y PROVEEDORES AVISO LEGAL La informaci\u00f3n que se muestran a [&hellip;]\" \/>\n<meta property=\"og:url\" content=\"https:\/\/soltecit.com\/en\/proteccion-datos\/\" \/>\n<meta property=\"og:site_name\" content=\"SOLTEC-IT\" \/>\n<meta property=\"article:modified_time\" content=\"2021-09-23T20:28:51+00:00\" \/>\n<meta property=\"og:image\" content=\"https:\/\/soltecit.com\/wp-content\/uploads\/2020\/03\/habeas-768x204.jpg\" \/>\n<meta name=\"twitter:card\" content=\"summary_large_image\" \/>\n<meta name=\"twitter:label1\" content=\"Est. reading time\" \/>\n\t<meta name=\"twitter:data1\" content=\"2 minutes\" \/>\n<script type=\"application\/ld+json\" class=\"yoast-schema-graph\">{\"@context\":\"https:\\\/\\\/schema.org\",\"@graph\":[{\"@type\":\"WebPage\",\"@id\":\"https:\\\/\\\/soltecit.com\\\/proteccion-datos\\\/\",\"url\":\"https:\\\/\\\/soltecit.com\\\/proteccion-datos\\\/\",\"name\":\"Protecci\u00f3n de Datos - SOLTEC-IT\",\"isPartOf\":{\"@id\":\"https:\\\/\\\/soltecit.com\\\/#website\"},\"primaryImageOfPage\":{\"@id\":\"https:\\\/\\\/soltecit.com\\\/proteccion-datos\\\/#primaryimage\"},\"image\":{\"@id\":\"https:\\\/\\\/soltecit.com\\\/proteccion-datos\\\/#primaryimage\"},\"thumbnailUrl\":\"https:\\\/\\\/soltecit.com\\\/wp-content\\\/uploads\\\/2020\\\/03\\\/habeas-768x204.jpg\",\"datePublished\":\"2020-03-26T04:38:54+00:00\",\"dateModified\":\"2021-09-23T20:28:51+00:00\",\"breadcrumb\":{\"@id\":\"https:\\\/\\\/soltecit.com\\\/proteccion-datos\\\/#breadcrumb\"},\"inLanguage\":\"en-US\",\"potentialAction\":[{\"@type\":\"ReadAction\",\"target\":[\"https:\\\/\\\/soltecit.com\\\/proteccion-datos\\\/\"]}]},{\"@type\":\"ImageObject\",\"inLanguage\":\"en-US\",\"@id\":\"https:\\\/\\\/soltecit.com\\\/proteccion-datos\\\/#primaryimage\",\"url\":\"https:\\\/\\\/soltecit.com\\\/wp-content\\\/uploads\\\/2020\\\/03\\\/habeas-768x204.jpg\",\"contentUrl\":\"https:\\\/\\\/soltecit.com\\\/wp-content\\\/uploads\\\/2020\\\/03\\\/habeas-768x204.jpg\"},{\"@type\":\"BreadcrumbList\",\"@id\":\"https:\\\/\\\/soltecit.com\\\/proteccion-datos\\\/#breadcrumb\",\"itemListElement\":[{\"@type\":\"ListItem\",\"position\":1,\"name\":\"Portada\",\"item\":\"https:\\\/\\\/soltecit.com\\\/\"},{\"@type\":\"ListItem\",\"position\":2,\"name\":\"Protecci\u00f3n de Datos\"}]},{\"@type\":\"WebSite\",\"@id\":\"https:\\\/\\\/soltecit.com\\\/#website\",\"url\":\"https:\\\/\\\/soltecit.com\\\/\",\"name\":\"SOLTEC-IT\",\"description\":\"Soluciones Tecnol\u00f3gicas S.A.S.\",\"publisher\":{\"@id\":\"https:\\\/\\\/soltecit.com\\\/#organization\"},\"potentialAction\":[{\"@type\":\"SearchAction\",\"target\":{\"@type\":\"EntryPoint\",\"urlTemplate\":\"https:\\\/\\\/soltecit.com\\\/?s={search_term_string}\"},\"query-input\":{\"@type\":\"PropertyValueSpecification\",\"valueRequired\":true,\"valueName\":\"search_term_string\"}}],\"inLanguage\":\"en-US\"},{\"@type\":\"Organization\",\"@id\":\"https:\\\/\\\/soltecit.com\\\/#organization\",\"name\":\"SOLTEC-IT\",\"url\":\"https:\\\/\\\/soltecit.com\\\/\",\"logo\":{\"@type\":\"ImageObject\",\"inLanguage\":\"en-US\",\"@id\":\"https:\\\/\\\/soltecit.com\\\/#\\\/schema\\\/logo\\\/image\\\/\",\"url\":\"https:\\\/\\\/soltecit.com\\\/wp-content\\\/uploads\\\/2020\\\/03\\\/cropped-Soltec-IT-2.png\",\"contentUrl\":\"https:\\\/\\\/soltecit.com\\\/wp-content\\\/uploads\\\/2020\\\/03\\\/cropped-Soltec-IT-2.png\",\"width\":1091,\"height\":250,\"caption\":\"SOLTEC-IT\"},\"image\":{\"@id\":\"https:\\\/\\\/soltecit.com\\\/#\\\/schema\\\/logo\\\/image\\\/\"}}]}<\/script>\n<!-- \/ Yoast SEO plugin. -->","yoast_head_json":{"title":"Protecci\u00f3n de Datos - SOLTEC-IT","robots":{"index":"index","follow":"follow","max-snippet":"max-snippet:-1","max-image-preview":"max-image-preview:large","max-video-preview":"max-video-preview:-1"},"canonical":"https:\/\/soltecit.com\/en\/proteccion-datos\/","og_locale":"en_US","og_type":"article","og_title":"Protecci\u00f3n de Datos - SOLTEC-IT","og_description":"POL\u00cdTICAS DE TRATAMIENTO DE DATOS DE SOLTEC-IT SOLUCIONES TECNOL\u00d3GICAS S.A.S\u00a0PARA CLIENTES, EMPLEADOS Y PROVEEDORES AVISO LEGAL La informaci\u00f3n que se muestran a [&hellip;]","og_url":"https:\/\/soltecit.com\/en\/proteccion-datos\/","og_site_name":"SOLTEC-IT","article_modified_time":"2021-09-23T20:28:51+00:00","og_image":[{"url":"https:\/\/soltecit.com\/wp-content\/uploads\/2020\/03\/habeas-768x204.jpg","type":"","width":"","height":""}],"twitter_card":"summary_large_image","twitter_misc":{"Est. reading time":"2 minutes"},"schema":{"@context":"https:\/\/schema.org","@graph":[{"@type":"WebPage","@id":"https:\/\/soltecit.com\/proteccion-datos\/","url":"https:\/\/soltecit.com\/proteccion-datos\/","name":"Protecci\u00f3n de Datos - SOLTEC-IT","isPartOf":{"@id":"https:\/\/soltecit.com\/#website"},"primaryImageOfPage":{"@id":"https:\/\/soltecit.com\/proteccion-datos\/#primaryimage"},"image":{"@id":"https:\/\/soltecit.com\/proteccion-datos\/#primaryimage"},"thumbnailUrl":"https:\/\/soltecit.com\/wp-content\/uploads\/2020\/03\/habeas-768x204.jpg","datePublished":"2020-03-26T04:38:54+00:00","dateModified":"2021-09-23T20:28:51+00:00","breadcrumb":{"@id":"https:\/\/soltecit.com\/proteccion-datos\/#breadcrumb"},"inLanguage":"en-US","potentialAction":[{"@type":"ReadAction","target":["https:\/\/soltecit.com\/proteccion-datos\/"]}]},{"@type":"ImageObject","inLanguage":"en-US","@id":"https:\/\/soltecit.com\/proteccion-datos\/#primaryimage","url":"https:\/\/soltecit.com\/wp-content\/uploads\/2020\/03\/habeas-768x204.jpg","contentUrl":"https:\/\/soltecit.com\/wp-content\/uploads\/2020\/03\/habeas-768x204.jpg"},{"@type":"BreadcrumbList","@id":"https:\/\/soltecit.com\/proteccion-datos\/#breadcrumb","itemListElement":[{"@type":"ListItem","position":1,"name":"Portada","item":"https:\/\/soltecit.com\/"},{"@type":"ListItem","position":2,"name":"Protecci\u00f3n de Datos"}]},{"@type":"WebSite","@id":"https:\/\/soltecit.com\/#website","url":"https:\/\/soltecit.com\/","name":"SOLTEC-IT","description":"Soluciones Tecnol\u00f3gicas S.A.S.","publisher":{"@id":"https:\/\/soltecit.com\/#organization"},"potentialAction":[{"@type":"SearchAction","target":{"@type":"EntryPoint","urlTemplate":"https:\/\/soltecit.com\/?s={search_term_string}"},"query-input":{"@type":"PropertyValueSpecification","valueRequired":true,"valueName":"search_term_string"}}],"inLanguage":"en-US"},{"@type":"Organization","@id":"https:\/\/soltecit.com\/#organization","name":"SOLTEC-IT","url":"https:\/\/soltecit.com\/","logo":{"@type":"ImageObject","inLanguage":"en-US","@id":"https:\/\/soltecit.com\/#\/schema\/logo\/image\/","url":"https:\/\/soltecit.com\/wp-content\/uploads\/2020\/03\/cropped-Soltec-IT-2.png","contentUrl":"https:\/\/soltecit.com\/wp-content\/uploads\/2020\/03\/cropped-Soltec-IT-2.png","width":1091,"height":250,"caption":"SOLTEC-IT"},"image":{"@id":"https:\/\/soltecit.com\/#\/schema\/logo\/image\/"}}]}},"_links":{"self":[{"href":"https:\/\/soltecit.com\/en\/wp-json\/wp\/v2\/pages\/27","targetHints":{"allow":["GET"]}}],"collection":[{"href":"https:\/\/soltecit.com\/en\/wp-json\/wp\/v2\/pages"}],"about":[{"href":"https:\/\/soltecit.com\/en\/wp-json\/wp\/v2\/types\/page"}],"author":[{"embeddable":true,"href":"https:\/\/soltecit.com\/en\/wp-json\/wp\/v2\/users\/1"}],"replies":[{"embeddable":true,"href":"https:\/\/soltecit.com\/en\/wp-json\/wp\/v2\/comments?post=27"}],"version-history":[{"count":39,"href":"https:\/\/soltecit.com\/en\/wp-json\/wp\/v2\/pages\/27\/revisions"}],"predecessor-version":[{"id":1485,"href":"https:\/\/soltecit.com\/en\/wp-json\/wp\/v2\/pages\/27\/revisions\/1485"}],"wp:attachment":[{"href":"https:\/\/soltecit.com\/en\/wp-json\/wp\/v2\/media?parent=27"}],"curies":[{"name":"wp","href":"https:\/\/api.w.org\/{rel}","templated":true}]}}